{"id":1704,"date":"2020-03-26T09:17:57","date_gmt":"2020-03-26T09:17:57","guid":{"rendered":"https:\/\/juanjosr7.sg-host.com\/products-design-and-development\/"},"modified":"2026-03-18T11:56:06","modified_gmt":"2026-03-18T10:56:06","slug":"inici","status":"publish","type":"page","link":"https:\/\/www.plumartis.com\/ca\/","title":{"rendered":"Inici"},"content":{"rendered":"<p>[et_pb_section fb_built=&#8221;1&#8243; fullwidth=&#8221;on&#8221; disabled_on=&#8221;off|off|off&#8221; _builder_version=&#8221;4.27.4&#8243; _module_preset=&#8221;default&#8221; global_colors_info=&#8221;{}&#8221;][et_pb_fullwidth_slider use_bg_overlay=&#8221;off&#8221; arrows_custom_color=&#8221;#ffffff&#8221; dot_nav_custom_color=&#8221;#F58300&#8243; _builder_version=&#8221;4.27.6&#8243; _module_preset=&#8221;default&#8221; header_font=&#8221;|800||on|||||&#8221; header_font_size=&#8221;65px&#8221; use_background_color_gradient=&#8221;on&#8221; background_color_gradient_stops=&#8221;rgba(10,1,1,0.78) 0%|rgba(10,2,2,0.57) 19%|rgba(8,1,10,0.24) 58%|rgba(10,2,2,0) 76%&#8221; background_color_gradient_overlays_image=&#8221;on&#8221; custom_button=&#8221;on&#8221; button_bg_color=&#8221;#0C0C0C&#8221; button_border_width=&#8221;0px&#8221; min_height_last_edited=&#8221;off|desktop&#8221; height=&#8221;80vh&#8221; height_tablet=&#8221;60vh&#8221; height_phone=&#8221;&#8221; height_last_edited=&#8221;on|phone&#8221; custom_padding=&#8221;||||false|false&#8221; header_font_size_tablet=&#8221;45px&#8221; header_font_size_phone=&#8221;30px&#8221; header_font_size_last_edited=&#8221;on|tablet&#8221; custom_css_free_form=&#8221;selector .et_pb_slide_title {||  font-weight:700!important;||}&#8221; global_colors_info=&#8221;{}&#8221;][et_pb_slide heading=&#8221;Disseny i desenvolupament de productes t\u00e8cnics&#8221; button_text=&#8221;Sobre nosaltres &#8221; button_link=&#8221;@ET-DC@eyJkeW5hbWljIjp0cnVlLCJjb250ZW50IjoicG9zdF9saW5rX3VybF9wYWdlIiwic2V0dGluZ3MiOnsicG9zdF9pZCI6IjI5In19@&#8221; use_text_overlay=&#8221;off&#8221; dot_nav_custom_color=&#8221;#F58300&#8243; _builder_version=&#8221;4.27.5&#8243; _dynamic_attributes=&#8221;button_link&#8221; _module_preset=&#8221;default&#8221; header_text_color=&#8221;#FFFFFF&#8221; body_text_color=&#8221;#FFFFFF&#8221; background_enable_color=&#8221;off&#8221; background_image=&#8221;https:\/\/www.plumartis.com\/wp-content\/uploads\/2025\/12\/1.1-Disseny-de-producte.jpg&#8221; background_enable_image=&#8221;on&#8221; text_orientation=&#8221;center&#8221; background_layout=&#8221;light&#8221; width=&#8221;60%&#8221; max_width=&#8221;100%&#8221; custom_padding=&#8221;0px|0px|0px|0px|false|false&#8221; custom_padding_tablet=&#8221;0px|0px|0px|0px|false|false&#8221; custom_padding_phone=&#8221;0px|0px|0px|0px|false|false&#8221; custom_padding_last_edited=&#8221;on|desktop&#8221; header_font_size_tablet=&#8221;&#8221; header_font_size_phone=&#8221;&#8221; header_font_size_last_edited=&#8221;on|phone&#8221; global_colors_info=&#8221;{}&#8221; max_width__hover_enabled=&#8221;on|desktop&#8221; max_width__hover=&#8221;100%&#8221; sticky_transition=&#8221;on&#8221;][\/et_pb_slide][et_pb_slide heading=&#8221;Disseny de Producte Centrat en l&apos;Usuari &amp; Desenvolupament&#8221; button_text=&#8221;M\u00e9s informaci\u00f3&#8221; button_link=&#8221;https:\/\/www.plumartis.com\/ca\/serveis-enginyers-producte\/#desenvolupament-de-producte&#8221; use_text_overlay=&#8221;off&#8221; dot_nav_custom_color=&#8221;#F58300&#8243; _builder_version=&#8221;4.27.6&#8243; _module_preset=&#8221;default&#8221; header_text_color=&#8221;#FFFFFF&#8221; body_text_color=&#8221;#FFFFFF&#8221; background_enable_color=&#8221;off&#8221; use_background_color_gradient=&#8221;on&#8221; background_color_gradient_stops=&#8221;rgba(12,12,12,0.44) 0%|rgba(12,12,12,0.09) 43%|rgba(10,2,2,0.66) 97%&#8221; background_image=&#8221;https:\/\/www.plumartis.com\/wp-content\/uploads\/2025\/09\/product-design-development-plumartis-home.jpg&#8221; background_enable_image=&#8221;on&#8221; text_orientation=&#8221;center&#8221; background_layout=&#8221;light&#8221; width=&#8221;60%&#8221; max_width=&#8221;100%&#8221; custom_padding=&#8221;0px|0px|0px|0px|false|false&#8221; custom_padding_tablet=&#8221;0px|0px|0px|0px|false|false&#8221; custom_padding_phone=&#8221;0px|0px|0px|0px|false|false&#8221; custom_padding_last_edited=&#8221;on|desktop&#8221; header_font_size_tablet=&#8221;&#8221; header_font_size_phone=&#8221;&#8221; header_font_size_last_edited=&#8221;on|phone&#8221; global_colors_info=&#8221;{}&#8221; max_width__hover_enabled=&#8221;on|desktop&#8221; max_width__hover=&#8221;100%&#8221; sticky_transition=&#8221;on&#8221;][\/et_pb_slide][et_pb_slide heading=&#8221;Desenvolupament i an\u00e0lisi d&apos;embalatge&#8221; button_text=&#8221;M\u00e9s detalls&#8221; button_link=&#8221;https:\/\/www.plumartis.com\/ca\/serveis-enginyers-producte\/#sostenibilitat&#8221; _builder_version=&#8221;4.27.6&#8243; _module_preset=&#8221;default&#8221; background_image=&#8221;https:\/\/www.plumartis.com\/wp-content\/uploads\/2025\/12\/3.1-Packaging-sostenible.jpg&#8221; background_enable_image=&#8221;on&#8221; global_colors_info=&#8221;{}&#8221; sticky_transition=&#8221;on&#8221;][\/et_pb_slide][et_pb_slide heading=&#8221;Maquin\u00e0ria industrial i automatitzaci\u00f3&#8221; button_text=&#8221;Saber-ne m\u00e9s&#8221; button_link=&#8221;https:\/\/www.plumartis.com\/ca\/serveis-enginyers-producte\/#industrial&#8221; _builder_version=&#8221;4.27.6&#8243; _module_preset=&#8221;default&#8221; background_image=&#8221;https:\/\/www.plumartis.com\/wp-content\/uploads\/2025\/12\/2.1-Maquinaria-industrial-i-automatitzacio.jpg&#8221; background_enable_image=&#8221;on&#8221; global_colors_info=&#8221;{}&#8221; sticky_transition=&#8221;on&#8221;][\/et_pb_slide][\/et_pb_fullwidth_slider][\/et_pb_section][et_pb_section fb_built=&#8221;1&#8243; _builder_version=&#8221;4.27.4&#8243; _module_preset=&#8221;default&#8221; custom_padding=&#8221;||0px|||&#8221; global_colors_info=&#8221;{}&#8221;][et_pb_row custom_padding_last_edited=&#8221;on|desktop&#8221; _builder_version=&#8221;4.27.4&#8243; custom_padding=&#8221;0px||0px||false|false&#8221; custom_padding_tablet=&#8221;0px||||false|false&#8221; custom_padding_phone=&#8221;0px||||false|false&#8221; global_colors_info=&#8221;{}&#8221;][et_pb_column type=&#8221;4_4&#8243; _builder_version=&#8221;4.16&#8243; global_colors_info=&#8221;{}&#8221;][et_pb_cta title=&#8221;Especialistes en disseny i desenvolupament de productes t\u00e8cnics&#8221; button_text=&#8221;Feu clic aqu\u00ed&#8221; _builder_version=&#8221;4.27.4&#8243; _module_preset=&#8221;default&#8221; header_font=&#8221;|300|||||||&#8221; header_font_size=&#8221;32px&#8221; max_width=&#8221;800px&#8221; custom_margin=&#8221;||||false|false&#8221; global_colors_info=&#8221;{}&#8221;]<\/p>\n<p>Plumartis \u00e9s un estudi d&#8217;enginyeria de producte especialitzat en desenvolupament t\u00e8cnic i industrialitzaci\u00f3. Operem a la crucial intersecci\u00f3 entre el disseny i la fabricaci\u00f3, assegurant que un producte no nom\u00e9s sigui atractiu sobre el paper, sin\u00f3 tamb\u00e9 eficient i competitiu de produir. <\/p>\n<p>[\/et_pb_cta][\/et_pb_column][\/et_pb_row][\/et_pb_section][et_pb_section fb_built=&#8221;1&#8243; _builder_version=&#8221;4.27.4&#8243; _module_preset=&#8221;default&#8221; custom_padding=&#8221;||0px||false|false&#8221; global_colors_info=&#8221;{}&#8221;][et_pb_row column_structure=&#8221;1_2,1_2&#8243; make_equal=&#8221;on&#8221; custom_padding_last_edited=&#8221;off|desktop&#8221; _builder_version=&#8221;4.27.4&#8243; custom_padding=&#8221;0px||||false|false&#8221; custom_padding_tablet=&#8221;0px||||false|false&#8221; custom_padding_phone=&#8221;0px||||false|false&#8221; custom_css_main_element=&#8221;align-items:center;&#8221; global_colors_info=&#8221;{}&#8221;][et_pb_column type=&#8221;1_2&#8243; _builder_version=&#8221;4.16&#8243; global_colors_info=&#8221;{}&#8221;][et_pb_text _builder_version=&#8221;4.27.4&#8243; header_2_font=&#8221;|600|||||||&#8221; header_2_font_size=&#8221;32px&#8221; header_2_line_height=&#8221;1.1em&#8221; header_5_font=&#8221;||||||||&#8221; header_5_font_size=&#8221;20px&#8221; background_enable_color=&#8221;off&#8221; custom_margin=&#8221;||2px|||&#8221; border_radii=&#8221;on|4px|4px|4px|4px&#8221; global_colors_info=&#8221;{}&#8221; quote_icon_color__hover_enabled=&#8221;on|desktop&#8221;]<\/p>\n<h3>Els nostres projectes d&#8217;enginyeria i disseny de producte a mida<\/h3>\n<p>[\/et_pb_text][\/et_pb_column][et_pb_column type=&#8221;1_2&#8243; _builder_version=&#8221;4.16&#8243; global_colors_info=&#8221;{}&#8221;][et_pb_button button_url=&#8221;@ET-DC@eyJkeW5hbWljIjp0cnVlLCJjb250ZW50IjoicG9zdF9saW5rX3VybF9wYWdlIiwic2V0dGluZ3MiOnsicG9zdF9pZCI6IjQ5In19@&#8221; button_text=&#8221;Veure tots els nostres projectes&#8221; button_alignment=&#8221;right&#8221; button_alignment_tablet=&#8221;right&#8221; button_alignment_phone=&#8221;left&#8221; button_alignment_last_edited=&#8221;on|phone&#8221; _builder_version=&#8221;4.27.5&#8243; _dynamic_attributes=&#8221;button_url&#8221; _module_preset=&#8221;default&#8221; global_colors_info=&#8221;{}&#8221;][\/et_pb_button][\/et_pb_column][\/et_pb_row][et_pb_row module_class=&#8221;grid-productes&#8221; _builder_version=&#8221;4.27.5&#8243; _module_preset=&#8221;default&#8221; width=&#8221;100%&#8221; max_width=&#8221;100%&#8221; custom_padding=&#8221;0px|0px|0px|0px|false|false&#8221; global_colors_info=&#8221;{}&#8221;][et_pb_column type=&#8221;4_4&#8243; _builder_version=&#8221;4.24.2&#8243; _module_preset=&#8221;default&#8221; global_colors_info=&#8221;{}&#8221;][et_pb_portfolio posts_number=&#8221;8&#8243; include_categories=&#8221;12,13,11&#8243; show_pagination=&#8221;off&#8221; zoom_icon_color=&#8221;RGBA(255,255,255,0)&#8221; hover_overlay_color=&#8221;RGBA(255,255,255,0)&#8221; _builder_version=&#8221;4.27.5&#8243; _module_preset=&#8221;default&#8221; title_font=&#8221;|600|||||||&#8221; title_text_color=&#8221;#f07f15&#8243; title_font_size=&#8221;16px&#8221; custom_margin=&#8221;||-35px||false|false&#8221; global_colors_info=&#8221;{}&#8221;][\/et_pb_portfolio][\/et_pb_column][\/et_pb_row][\/et_pb_section][et_pb_section fb_built=&#8221;1&#8243; _builder_version=&#8221;4.27.4&#8243; _module_preset=&#8221;default&#8221; global_colors_info=&#8221;{}&#8221;][et_pb_row column_structure=&#8221;1_2,1_2&#8243; make_equal=&#8221;on&#8221; _builder_version=&#8221;4.27.6&#8243; _module_preset=&#8221;default&#8221; hover_enabled=&#8221;0&#8243; custom_css_main_element=&#8221;align-items:center;&#8221; global_colors_info=&#8221;{}&#8221; sticky_enabled=&#8221;0&#8243;][et_pb_column type=&#8221;1_2&#8243; _builder_version=&#8221;4.27.4&#8243; _module_preset=&#8221;default&#8221; global_colors_info=&#8221;{}&#8221;][et_pb_text _builder_version=&#8221;4.27.5&#8243; _module_preset=&#8221;4a1e020d-233b-43c3-97ad-baf138beb270&#8243; custom_margin=&#8221;||30px||false|false&#8221; custom_padding=&#8221;||||false|false&#8221; locked=&#8221;off&#8221; global_colors_info=&#8221;{}&#8221;]<\/p>\n<h2><strong>Els nostres serveis<\/strong><\/h2>\n<h3>La nostra metodologia per al disseny de productes &amp; industrial d&#8217;alt rendiment<\/h3>\n<p>[\/et_pb_text][et_pb_blurb title=&#8221;Desenvolupament i disseny de producte&#8221; image=&#8221;https:\/\/www.plumartis.com\/wp-content\/uploads\/2026\/01\/plumartis-product-design-color.svg&#8221; _builder_version=&#8221;4.27.6&#8243; _module_preset=&#8221;7bdb9eec-df29-4ade-b017-9f7fb41f102e&#8221; link_option_url=&#8221;https:\/\/www.plumartis.com\/ca\/serveis-enginyers-producte\/#desenvolupament-de-producte&#8221; hover_enabled=&#8221;0&#8243; custom_css_blurb_image=&#8221;background-color:rgba(245,131,0,0.25);&#8221; global_colors_info=&#8221;{}&#8221; sticky_enabled=&#8221;0&#8243;]<\/p>\n<p>Innovaci\u00f3 i enginyeria per al desenvolupament de producte.<\/p>\n<p>[\/et_pb_blurb][et_pb_blurb title=&#8221;Solucions industrials&#8221; image=&#8221;https:\/\/www.plumartis.com\/wp-content\/uploads\/2026\/01\/plumartis-industrial-solutions-color.svg&#8221; _builder_version=&#8221;4.27.6&#8243; _module_preset=&#8221;7bdb9eec-df29-4ade-b017-9f7fb41f102e&#8221; link_option_url=&#8221;https:\/\/www.plumartis.com\/ca\/serveis-enginyers-producte\/#industrial&#8221; hover_enabled=&#8221;0&#8243; custom_css_blurb_image=&#8221;background-color:rgba(109,116,138,0.25);&#8221; global_colors_info=&#8221;{}&#8221; sticky_enabled=&#8221;0&#8243;]<\/p>\n<p>Disseny d\u2019equipaments i millores de producci\u00f3<\/p>\n<p>[\/et_pb_blurb][et_pb_blurb title=&#8221;Sostenibilitat aplicada&#8221; image=&#8221;https:\/\/www.plumartis.com\/wp-content\/uploads\/2026\/01\/plumartis-applied-sustainability-color.svg&#8221; _builder_version=&#8221;4.27.6&#8243; _module_preset=&#8221;7bdb9eec-df29-4ade-b017-9f7fb41f102e&#8221; custom_padding=&#8221;||||false|false&#8221; link_option_url=&#8221;https:\/\/www.plumartis.com\/ca\/serveis-enginyers-producte\/#sostenibilitat&#8221; hover_enabled=&#8221;0&#8243; custom_css_blurb_image=&#8221;background-color:rgba(132,58,58,0.25);&#8221; global_colors_info=&#8221;{}&#8221; sticky_enabled=&#8221;0&#8243;]<\/p>\n<p>An\u00e0lisi d&#8217;impacte de productes i processos.<\/p>\n<p>[\/et_pb_blurb][et_pb_button button_url=&#8221;@ET-DC@eyJkeW5hbWljIjp0cnVlLCJjb250ZW50IjoicG9zdF9saW5rX3VybF9wYWdlIiwic2V0dGluZ3MiOnsicG9zdF9pZCI6IjI4NCJ9fQ==@&#8221; button_text=&#8221;M\u00e9s sobre els nostres serveis&#8221; _builder_version=&#8221;4.27.5&#8243; _dynamic_attributes=&#8221;button_url&#8221; _module_preset=&#8221;default&#8221; custom_margin=&#8221;45px||||false|false&#8221; custom_padding=&#8221;||||false|false&#8221; global_colors_info=&#8221;{}&#8221;][\/et_pb_button][\/et_pb_column][et_pb_column type=&#8221;1_2&#8243; _builder_version=&#8221;4.27.6&#8243; _module_preset=&#8221;default&#8221; hover_enabled=&#8221;0&#8243; global_colors_info=&#8221;{}&#8221; sticky_enabled=&#8221;0&#8243;][dipi_info_circle circle_list_size=&#8221;450px&#8221; icon_area_offset=&#8221;0px&#8221; disabled_on=&#8221;on|on|off&#8221; _builder_version=&#8221;4.27.6&#8243; _module_preset=&#8221;default&#8221; image_icon_custom_padding=&#8221;20px|20px|20px|20px|false|false&#8221; hover_enabled=&#8221;0&#8243; custom_css_free_form=&#8221;selector .dipi-info-circle-out {||}||||selector .dipi-info-circle-out:after{||  content:%22%22; background:url(%22https:\/\/www.plumartis.com\/wp-content\/uploads\/2025\/12\/plumartis-cercle.svg%22);||  position:absolute;||  top:0;||  bottom:0;||  left:0;||  right:0;||}&#8221; global_colors_info=&#8221;{}&#8221; sticky_enabled=&#8221;0&#8243;][dipi_info_circle_item info_image=&#8221;https:\/\/www.plumartis.com\/wp-content\/uploads\/2026\/01\/plumartis-product-design-light.svg&#8221; content_image=&#8221;https:\/\/www.plumartis.com\/wp-content\/uploads\/2026\/01\/plumartis-product-design-color.svg&#8221; content_title=&#8221;Desenvolupament i disseny de producte&#8221; content_description=&#8221;<\/p>\n<p>Innovaci\u00f3 i enginyeria per al desenvolupament de producte.<\/p>\n<p>&#8221; show_content_button=&#8221;on&#8221; content_button_text=&#8221;Detall dels serveis&#8221; content_button_link=&#8221;https:\/\/www.plumartis.com\/ca\/serveis-enginyers-producte\/#desenvolupament-de-producte&#8221; info_image_icon_background_color=&#8221;#F58300&#8243; info_image_icon_width=&#8221;30px&#8221; info_image_icon_margin=&#8221;6px||||false|false&#8221; info_image_icon_padding=&#8221;20px|20px|20px|20px|false|false&#8221; info_image_icon_hover_background_color=&#8221;#F58300&#8243; info_image_icon_active_background_color=&#8221;#F58300&#8243; info_image_icon_active_width=&#8221;50px&#8221; info_image_icon_active_margin=&#8221;10px||||false|false&#8221; info_image_icon_active_padding=&#8221;20px|20px|20px|20px|false|false&#8221; content_image_icon_width=&#8221;50px&#8221; _builder_version=&#8221;4.27.6&#8243; _module_preset=&#8221;default&#8221; content_title_level=&#8221;h4&#8243; content_title_font=&#8221;|||on|||||&#8221; background_color=&#8221;RGBA(12,113,195,0)&#8221; background_enable_color=&#8221;on&#8221; image_icon_custom_margin=&#8221;||30px||false|false&#8221; custom_padding=&#8221;30px|30px|30px|30px|false|false&#8221; hover_enabled=&#8221;0&#8243; global_colors_info=&#8221;{}&#8221; sticky_enabled=&#8221;0&#8243;][\/dipi_info_circle_item][dipi_info_circle_item info_image=&#8221;https:\/\/www.plumartis.com\/wp-content\/uploads\/2026\/01\/plumartis-industrial-solutions-light.svg&#8221; content_image=&#8221;https:\/\/www.plumartis.com\/wp-content\/uploads\/2026\/01\/plumartis-industrial-solutions-color.svg&#8221; content_title=&#8221;Solucions industrials&#8221; content_description=&#8221;<\/p>\n<p>Disseny d\u2019equipaments i millores de producci\u00f3<\/p>\n<p>&#8221; show_content_button=&#8221;on&#8221; content_button_text=&#8221;Detall dels serveis&#8221; content_button_link=&#8221;https:\/\/www.plumartis.com\/ca\/serveis-enginyers-producte\/#industrial&#8221; info_image_icon_background_color=&#8221;#6d748a&#8221; info_image_icon_width=&#8221;30px&#8221; info_image_icon_margin=&#8221;|||-10px|false|false&#8221; info_image_icon_padding=&#8221;20px|20px|20px|20px|false|false&#8221; info_image_icon_hover_background_color=&#8221;#6d748a&#8221; info_image_icon_active_background_color=&#8221;#6d748a&#8221; info_image_icon_active_width=&#8221;50px&#8221; info_image_icon_active_margin=&#8221;10px||||false|false&#8221; info_image_icon_active_padding=&#8221;20px|20px|20px|20px|false|false&#8221; content_image_icon_width=&#8221;50px&#8221; _builder_version=&#8221;4.27.6&#8243; _module_preset=&#8221;default&#8221; content_title_level=&#8221;h4&#8243; content_title_font=&#8221;|||on|||||&#8221; background_color=&#8221;RGBA(131,0,233,0)&#8221; background_enable_color=&#8221;on&#8221; image_icon_custom_margin=&#8221;||15px||false|false&#8221; custom_padding=&#8221;30px|30px|30px|30px|false|false&#8221; hover_enabled=&#8221;0&#8243; global_colors_info=&#8221;{}&#8221; sticky_enabled=&#8221;0&#8243;][\/dipi_info_circle_item][dipi_info_circle_item info_image=&#8221;https:\/\/www.plumartis.com\/wp-content\/uploads\/2026\/01\/plumartis-applied-sustainability-light.svg&#8221; content_image=&#8221;https:\/\/www.plumartis.com\/wp-content\/uploads\/2026\/01\/plumartis-applied-sustainability-color.svg&#8221; content_title=&#8221;Sostenibilitat aplicada&#8221; content_description=&#8221;<\/p>\n<p>An\u00e0lisi d&apos;impacte de productes i processos.<\/p>\n<p>&#8221; show_content_button=&#8221;on&#8221; content_button_text=&#8221;Detall dels serveis&#8221; content_button_link=&#8221;https:\/\/www.plumartis.com\/ca\/serveis-enginyers-producte\/#sostenibilitat&#8221; info_image_icon_background_color=&#8221;#843a3a&#8221; info_image_icon_width=&#8221;30px&#8221; info_image_icon_margin=&#8221;|||10px|false|false&#8221; info_image_icon_padding=&#8221;20px|20px|20px|20px|false|false&#8221; info_image_icon_hover_background_color=&#8221;#843a3a&#8221; info_image_icon_active_background_color=&#8221;#843a3a&#8221; info_image_icon_active_width=&#8221;50px&#8221; info_image_icon_active_margin=&#8221;10px||||false|false&#8221; info_image_icon_active_padding=&#8221;20px|20px|20px|20px|false|false&#8221; content_image_icon_width=&#8221;50px&#8221; _builder_version=&#8221;4.27.6&#8243; _module_preset=&#8221;default&#8221; content_title_level=&#8221;h4&#8243; content_title_font=&#8221;|||on|||||&#8221; background_color=&#8221;RGBA(131,0,233,0)&#8221; background_enable_color=&#8221;on&#8221; image_icon_custom_margin=&#8221;||15px||false|false&#8221; custom_padding=&#8221;30px|30px|30px|30px|false|false&#8221; hover_enabled=&#8221;0&#8243; global_colors_info=&#8221;{}&#8221; sticky_enabled=&#8221;0&#8243;][\/dipi_info_circle_item][\/dipi_info_circle][\/et_pb_column][\/et_pb_row][\/et_pb_section][et_pb_section fb_built=&#8221;1&#8243; _builder_version=&#8221;4.27.5&#8243; _module_preset=&#8221;default&#8221; background_image=&#8221;https:\/\/www.plumartis.com\/wp-content\/uploads\/2025\/10\/about-us-plumartis-office.jpg&#8221; parallax=&#8221;on&#8221; custom_padding=&#8221;15vh||15vh||true|false&#8221; global_colors_info=&#8221;{}&#8221;][et_pb_row _builder_version=&#8221;4.27.4&#8243; _module_preset=&#8221;default&#8221; global_colors_info=&#8221;{}&#8221;][et_pb_column type=&#8221;4_4&#8243; _builder_version=&#8221;4.27.4&#8243; _module_preset=&#8221;default&#8221; global_colors_info=&#8221;{}&#8221;][et_pb_cta title=&#8221;Descobriu Plumartis&#8221; button_url=&#8221;@ET-DC@eyJkeW5hbWljIjp0cnVlLCJjb250ZW50IjoicG9zdF9saW5rX3VybF9wYWdlIiwic2V0dGluZ3MiOnsicG9zdF9pZCI6IjI5In19@&#8221; button_text=&#8221;Coneix-nos&#8221; _builder_version=&#8221;4.27.5&#8243; _dynamic_attributes=&#8221;button_url&#8221; _module_preset=&#8221;default&#8221; header_font=&#8221;|300|||||||&#8221; header_font_size=&#8221;32px&#8221; background_color=&#8221;rgba(12,12,12,0.75)&#8221; background_enable_color=&#8221;on&#8221; background_layout=&#8221;dark&#8221; max_width=&#8221;900px&#8221; module_alignment=&#8221;center&#8221; custom_margin=&#8221;||||false|false&#8221; custom_padding=&#8221;60px|60px|60px|60px|true|true&#8221; global_colors_info=&#8221;{}&#8221;]<\/p>\n<p>Coneix els professionals que impulsen la visi\u00f3, la innovaci\u00f3 i l&#8217;\u00e8xit industrial de Plumartis.<\/p>\n<p>[\/et_pb_cta][\/et_pb_column][\/et_pb_row][\/et_pb_section][et_pb_section fb_built=&#8221;1&#8243; _builder_version=&#8221;4.24.2&#8243; global_colors_info=&#8221;{}&#8221;][et_pb_row _builder_version=&#8221;4.27.4&#8243; custom_padding=&#8221;||0px||false|false&#8221; global_colors_info=&#8221;{}&#8221;][et_pb_column type=&#8221;4_4&#8243; _builder_version=&#8221;4.24.2&#8243; global_colors_info=&#8221;{}&#8221;][et_pb_text _builder_version=&#8221;4.27.5&#8243; _module_preset=&#8221;4a1e020d-233b-43c3-97ad-baf138beb270&#8243; text_orientation=&#8221;center&#8221; locked=&#8221;off&#8221; global_colors_info=&#8221;{}&#8221;]<\/p>\n<h2><strong>El nostre objectiu \u00e9s fer realitat les vostres idees<\/strong><\/h2>\n<h3>Per qu\u00e8 triar Plumartis com el teu soci d&#8217;enginyeria<\/h3>\n<p>[\/et_pb_text][\/et_pb_column][\/et_pb_row][et_pb_row column_structure=&#8221;1_4,1_4,1_4,1_4&#8243; _builder_version=&#8221;4.27.4&#8243; _module_preset=&#8221;default&#8221; global_colors_info=&#8221;{}&#8221;][et_pb_column type=&#8221;1_4&#8243; _builder_version=&#8221;4.16&#8243; _module_preset=&#8221;default&#8221; global_colors_info=&#8221;{}&#8221;][dipi_counter count_to_number=&#8221;15&#8243; _builder_version=&#8221;4.27.4&#8243; _module_preset=&#8221;default&#8221; global_colors_info=&#8221;{}&#8221;][\/dipi_counter][et_pb_text _builder_version=&#8221;4.27.4&#8243; _module_preset=&#8221;default&#8221; text_text_color=&#8221;#333333&#8243; header_4_font=&#8221;|600|||||||&#8221; header_4_text_color=&#8221;#333333&#8243; text_orientation=&#8221;center&#8221; background_layout=&#8221;dark&#8221; global_colors_info=&#8221;{}&#8221;]anys d&#8217;experi\u00e8ncia donant suport a la ind\u00fastria[\/et_pb_text][\/et_pb_column][et_pb_column type=&#8221;1_4&#8243; _builder_version=&#8221;4.16&#8243; _module_preset=&#8221;default&#8221; global_colors_info=&#8221;{}&#8221;][dipi_counter suffix=&#8221;+&#8221; count_to_number=&#8221;200&#8243; _builder_version=&#8221;4.27.4&#8243; _module_preset=&#8221;default&#8221; global_colors_info=&#8221;{}&#8221;][\/dipi_counter][et_pb_text _builder_version=&#8221;4.27.4&#8243; _module_preset=&#8221;default&#8221; text_text_color=&#8221;#333333&#8243; header_4_font=&#8221;|600|||||||&#8221; header_4_text_color=&#8221;#333333&#8243; text_orientation=&#8221;center&#8221; background_layout=&#8221;dark&#8221; global_colors_info=&#8221;{}&#8221;]clients han confiat en nosaltres[\/et_pb_text][\/et_pb_column][et_pb_column type=&#8221;1_4&#8243; _builder_version=&#8221;4.16&#8243; _module_preset=&#8221;default&#8221; global_colors_info=&#8221;{}&#8221;][dipi_counter suffix=&#8221;%&#8221; count_to_number=&#8221;78&#8243; _builder_version=&#8221;4.27.4&#8243; _module_preset=&#8221;default&#8221; global_colors_info=&#8221;{}&#8221;][\/dipi_counter][et_pb_text _builder_version=&#8221;4.27.4&#8243; _module_preset=&#8221;default&#8221; text_text_color=&#8221;#333333&#8243; header_4_font=&#8221;|600|||||||&#8221; header_4_text_color=&#8221;#333333&#8243; text_orientation=&#8221;center&#8221; background_layout=&#8221;dark&#8221; global_colors_info=&#8221;{}&#8221;]de clients han tornat per a nous projectes[\/et_pb_text][\/et_pb_column][et_pb_column type=&#8221;1_4&#8243; _builder_version=&#8221;4.16&#8243; _module_preset=&#8221;default&#8221; global_colors_info=&#8221;{}&#8221;][dipi_counter suffix=&#8221;%&#8221; count_to_number=&#8221;80&#8243; _builder_version=&#8221;4.27.4&#8243; _module_preset=&#8221;default&#8221; global_colors_info=&#8221;{}&#8221;][\/dipi_counter][et_pb_text _builder_version=&#8221;4.27.4&#8243; _module_preset=&#8221;default&#8221; text_text_color=&#8221;#333333&#8243; header_4_font=&#8221;|600|||||||&#8221; header_4_text_color=&#8221;#333333&#8243; text_orientation=&#8221;center&#8221; background_layout=&#8221;dark&#8221; global_colors_info=&#8221;{}&#8221;]centrats en el desenvolupament t\u00e8cnic[\/et_pb_text][\/et_pb_column][\/et_pb_row][\/et_pb_section][et_pb_section fb_built=&#8221;1&#8243; _builder_version=&#8221;4.27.5&#8243; _module_preset=&#8221;default&#8221; custom_padding=&#8221;0px||0px||false|false&#8221; global_colors_info=&#8221;{}&#8221;][et_pb_row _builder_version=&#8221;4.27.5&#8243; _module_preset=&#8221;default&#8221; width=&#8221;100%&#8221; max_width=&#8221;100%&#8221; custom_padding=&#8221;0px||0px||false|false&#8221; global_colors_info=&#8221;{}&#8221;][et_pb_column type=&#8221;4_4&#8243; _builder_version=&#8221;4.27.5&#8243; _module_preset=&#8221;default&#8221; global_colors_info=&#8221;{}&#8221;][gs_logo_slider _builder_version=&#8221;4.27.5&#8243; _module_preset=&#8221;default&#8221; global_colors_info=&#8221;{}&#8221;][\/gs_logo_slider][\/et_pb_column][\/et_pb_row][\/et_pb_section]<\/p>\n","protected":false},"excerpt":{"rendered":"<p>Plumartis \u00e9s un estudi d&#8217;enginyeria de producte especialitzat en desenvolupament t\u00e8cnic i industrialitzaci\u00f3. Operem a la crucial intersecci\u00f3 entre el disseny i la fabricaci\u00f3, assegurant que un producte no nom\u00e9s sigui atractiu sobre el paper, sin\u00f3 tamb\u00e9 eficient i competitiu de produir. Els nostres projectes d&#8217;enginyeria i disseny de producte a midaEls nostres serveis La [&hellip;]<\/p>\n","protected":false},"author":9,"featured_media":0,"parent":0,"menu_order":0,"comment_status":"closed","ping_status":"closed","template":"","meta":{"_acf_changed":false,"_et_pb_use_builder":"on","_et_pb_old_content":"","_et_gb_content_width":"","ngg_post_thumbnail":0,"footnotes":""},"class_list":["post-1704","page","type-page","status-publish","hentry"],"acf":[],"_links":{"self":[{"href":"https:\/\/www.plumartis.com\/ca\/wp-json\/wp\/v2\/pages\/1704","targetHints":{"allow":["GET"]}}],"collection":[{"href":"https:\/\/www.plumartis.com\/ca\/wp-json\/wp\/v2\/pages"}],"about":[{"href":"https:\/\/www.plumartis.com\/ca\/wp-json\/wp\/v2\/types\/page"}],"author":[{"embeddable":true,"href":"https:\/\/www.plumartis.com\/ca\/wp-json\/wp\/v2\/users\/9"}],"replies":[{"embeddable":true,"href":"https:\/\/www.plumartis.com\/ca\/wp-json\/wp\/v2\/comments?post=1704"}],"version-history":[{"count":53,"href":"https:\/\/www.plumartis.com\/ca\/wp-json\/wp\/v2\/pages\/1704\/revisions"}],"predecessor-version":[{"id":7604,"href":"https:\/\/www.plumartis.com\/ca\/wp-json\/wp\/v2\/pages\/1704\/revisions\/7604"}],"wp:attachment":[{"href":"https:\/\/www.plumartis.com\/ca\/wp-json\/wp\/v2\/media?parent=1704"}],"curies":[{"name":"wp","href":"https:\/\/api.w.org\/{rel}","templated":true}]}}