{"id":1705,"date":"2020-03-26T09:17:57","date_gmt":"2020-03-26T09:17:57","guid":{"rendered":"https:\/\/juanjosr7.sg-host.com\/products-design-and-development\/"},"modified":"2026-04-14T11:53:21","modified_gmt":"2026-04-14T09:53:21","slug":"inicio","status":"publish","type":"page","link":"https:\/\/www.plumartis.com\/es\/","title":{"rendered":"Inicio"},"content":{"rendered":"<p>[et_pb_section fb_built=\u00bb1&#8243; theme_builder_area=\u00bbpost_content\u00bb _builder_version=\u00bb4.27.6&#8243; _module_preset=\u00bbdefault\u00bb module_class=\u00bbscreen-reader-text\u00bb hover_enabled=\u00bb0&#8243; sticky_enabled=\u00bb0&#8243;][et_pb_row _builder_version=\u00bb4.27.6&#8243; _module_preset=\u00bbdefault\u00bb theme_builder_area=\u00bbpost_content\u00bb][et_pb_column _builder_version=\u00bb4.27.6&#8243; _module_preset=\u00bbdefault\u00bb type=\u00bb4_4&#8243; theme_builder_area=\u00bbpost_content\u00bb][et_pb_text _builder_version=\u00bb4.27.6&#8243; _module_preset=\u00bbdefault\u00bb theme_builder_area=\u00bbpost_content\u00bb hover_enabled=\u00bb0&#8243; sticky_enabled=\u00bb0&#8243;]<\/p>\n<h1>Plumartis, soluciones de producto<\/h1>\n<p>[\/et_pb_text][\/et_pb_column][\/et_pb_row][\/et_pb_section][et_pb_section fb_built=\u00bb1&#8243; fullwidth=\u00bbon\u00bb disabled_on=\u00bboff|off|off\u00bb _builder_version=\u00bb4.27.4&#8243; _module_preset=\u00bbdefault\u00bb global_colors_info=\u00bb{}\u00bb][et_pb_fullwidth_slider use_bg_overlay=\u00bboff\u00bb arrows_custom_color=\u00bb#ffffff\u00bb dot_nav_custom_color=\u00bb#F58300&#8243; _builder_version=\u00bb4.27.6&#8243; _module_preset=\u00bbdefault\u00bb header_font=\u00bb|800||on|||||\u00bb header_font_size=\u00bb65px\u00bb use_background_color_gradient=\u00bbon\u00bb background_color_gradient_stops=\u00bbrgba(10,1,1,0.78) 0%|rgba(10,2,2,0.57) 19%|rgba(8,1,10,0.24) 58%|rgba(10,2,2,0) 76%\u00bb background_color_gradient_overlays_image=\u00bbon\u00bb custom_button=\u00bbon\u00bb button_bg_color=\u00bb#0C0C0C\u00bb button_border_width=\u00bb0px\u00bb min_height_last_edited=\u00bboff|desktop\u00bb height=\u00bb80vh\u00bb height_tablet=\u00bb60vh\u00bb height_phone=\u00bb\u00bb height_last_edited=\u00bbon|phone\u00bb custom_padding=\u00bb||||false|false\u00bb header_font_size_tablet=\u00bb45px\u00bb header_font_size_phone=\u00bb30px\u00bb header_font_size_last_edited=\u00bbon|tablet\u00bb custom_css_free_form=\u00bbselector .et_pb_slide_title {||  font-weight:700!important;||}\u00bb global_colors_info=\u00bb{}\u00bb][et_pb_slide heading=\u00bbDise\u00f1o y desarrollo de productos t\u00e9cnicos\u00bb button_text=\u00bbSobre nosotros \u00bb button_link=\u00bb@ET-DC@eyJkeW5hbWljIjp0cnVlLCJjb250ZW50IjoicG9zdF9saW5rX3VybF9wYWdlIiwic2V0dGluZ3MiOnsicG9zdF9pZCI6IjI5IiwiZW5hYmxlX2h0bWwiOiJvZmYifX0=@\u00bb use_text_overlay=\u00bboff\u00bb dot_nav_custom_color=\u00bb#F58300&#8243; _builder_version=\u00bb4.27.5&#8243; _dynamic_attributes=\u00bbbutton_link\u00bb _module_preset=\u00bbdefault\u00bb header_text_color=\u00bb#FFFFFF\u00bb body_text_color=\u00bb#FFFFFF\u00bb background_enable_color=\u00bboff\u00bb background_image=\u00bbhttps:\/\/www.plumartis.com\/wp-content\/uploads\/2025\/12\/1.1-Disseny-de-producte.jpg\u00bb background_enable_image=\u00bbon\u00bb text_orientation=\u00bbcenter\u00bb background_layout=\u00bblight\u00bb width=\u00bb60%\u00bb max_width=\u00bb100%\u00bb custom_padding=\u00bb0px|0px|0px|0px|false|false\u00bb custom_padding_tablet=\u00bb0px|0px|0px|0px|false|false\u00bb custom_padding_phone=\u00bb0px|0px|0px|0px|false|false\u00bb custom_padding_last_edited=\u00bbon|desktop\u00bb header_font_size_tablet=\u00bb\u00bb header_font_size_phone=\u00bb\u00bb header_font_size_last_edited=\u00bbon|phone\u00bb global_colors_info=\u00bb{}\u00bb max_width__hover_enabled=\u00bbon|desktop\u00bb max_width__hover=\u00bb100%\u00bb sticky_transition=\u00bbon\u00bb][\/et_pb_slide][et_pb_slide heading=\u00bbDise\u00f1o y desarrollo de productos centrados en el usuario\u00bb button_text=\u00bbM\u00e1s informaci\u00f3n\u00bb button_link=\u00bbhttps:\/\/www.plumartis.com\/es\/servicios-ingenieria-productos\/#product-development\u00bb use_text_overlay=\u00bboff\u00bb dot_nav_custom_color=\u00bb#F58300&#8243; _builder_version=\u00bb4.27.6&#8243; _module_preset=\u00bbdefault\u00bb header_text_color=\u00bb#FFFFFF\u00bb body_text_color=\u00bb#FFFFFF\u00bb background_enable_color=\u00bboff\u00bb use_background_color_gradient=\u00bbon\u00bb background_color_gradient_stops=\u00bbrgba(12,12,12,0.44) 0%|rgba(12,12,12,0.09) 43%|rgba(10,2,2,0.66) 97%\u00bb background_image=\u00bbhttps:\/\/www.plumartis.com\/wp-content\/uploads\/2025\/09\/product-design-development-plumartis-home.jpg\u00bb background_enable_image=\u00bbon\u00bb text_orientation=\u00bbcenter\u00bb background_layout=\u00bblight\u00bb width=\u00bb60%\u00bb max_width=\u00bb100%\u00bb custom_padding=\u00bb0px|0px|0px|0px|false|false\u00bb custom_padding_tablet=\u00bb0px|0px|0px|0px|false|false\u00bb custom_padding_phone=\u00bb0px|0px|0px|0px|false|false\u00bb custom_padding_last_edited=\u00bbon|desktop\u00bb header_font_size_tablet=\u00bb\u00bb header_font_size_phone=\u00bb\u00bb header_font_size_last_edited=\u00bbon|phone\u00bb global_colors_info=\u00bb{}\u00bb max_width__hover_enabled=\u00bbon|desktop\u00bb max_width__hover=\u00bb100%\u00bb sticky_transition=\u00bbon\u00bb][\/et_pb_slide][et_pb_slide heading=\u00bbDesarrollo y an\u00e1lisis de envases y embalajes\u00bb button_text=\u00bbM\u00e1s detalles\u00bb button_link=\u00bbhttps:\/\/www.plumartis.com\/es\/servicios-ingenieria-productos\/#sustainability\u00bb _builder_version=\u00bb4.27.6&#8243; _module_preset=\u00bbdefault\u00bb background_image=\u00bbhttps:\/\/www.plumartis.com\/wp-content\/uploads\/2025\/12\/3.1-Packaging-sostenible.jpg\u00bb background_enable_image=\u00bbon\u00bb global_colors_info=\u00bb{}\u00bb sticky_transition=\u00bbon\u00bb][\/et_pb_slide][et_pb_slide heading=\u00bbMaquinaria industrial y automatizaci\u00f3n\u00bb button_text=\u00bbDescubra m\u00e1s\u00bb button_link=\u00bbhttps:\/\/www.plumartis.com\/es\/servicios-ingenieria-productos\/#industrial\u00bb _builder_version=\u00bb4.27.6&#8243; _module_preset=\u00bbdefault\u00bb background_image=\u00bbhttps:\/\/www.plumartis.com\/wp-content\/uploads\/2025\/12\/2.1-Maquinaria-industrial-i-automatitzacio.jpg\u00bb background_enable_image=\u00bbon\u00bb global_colors_info=\u00bb{}\u00bb sticky_transition=\u00bbon\u00bb][\/et_pb_slide][\/et_pb_fullwidth_slider][\/et_pb_section][et_pb_section fb_built=\u00bb1&#8243; _builder_version=\u00bb4.27.4&#8243; _module_preset=\u00bbdefault\u00bb custom_padding=\u00bb||0px|||\u00bb global_colors_info=\u00bb{}\u00bb][et_pb_row custom_padding_last_edited=\u00bbon|desktop\u00bb _builder_version=\u00bb4.27.4&#8243; custom_padding=\u00bb0px||0px||false|false\u00bb custom_padding_tablet=\u00bb0px||||false|false\u00bb custom_padding_phone=\u00bb0px||||false|false\u00bb global_colors_info=\u00bb{}\u00bb][et_pb_column type=\u00bb4_4&#8243; _builder_version=\u00bb4.16&#8243; global_colors_info=\u00bb{}\u00bb][et_pb_cta title=\u00bbEspecialistas en dise\u00f1o y desarrollo de productos t\u00e9cnicos\u00bb button_text=\u00bbHaga clic aqu\u00ed\u00bb _builder_version=\u00bb4.27.4&#8243; _module_preset=\u00bbdefault\u00bb header_font=\u00bb|300|||||||\u00bb header_font_size=\u00bb32px\u00bb max_width=\u00bb800px\u00bb custom_margin=\u00bb||||false|false\u00bb global_colors_info=\u00bb{}\u00bb]<\/p>\n<p>Plumartis es un estudio de ingenier\u00eda de producto especializado en el desarrollo t\u00e9cnico y la industrializaci\u00f3n. Operamos en la intersecci\u00f3n crucial entre el dise\u00f1o y la fabricaci\u00f3n, garantizando que un producto no solo sea atractivo sobre el papel, sino tambi\u00e9n eficiente y competitivo de producir. <\/p>\n<p>[\/et_pb_cta][\/et_pb_column][\/et_pb_row][\/et_pb_section][et_pb_section fb_built=\u00bb1&#8243; _builder_version=\u00bb4.27.4&#8243; _module_preset=\u00bbdefault\u00bb custom_padding=\u00bb||0px||false|false\u00bb global_colors_info=\u00bb{}\u00bb][et_pb_row column_structure=\u00bb1_2,1_2&#8243; make_equal=\u00bbon\u00bb custom_padding_last_edited=\u00bboff|desktop\u00bb _builder_version=\u00bb4.27.4&#8243; custom_padding=\u00bb0px||||false|false\u00bb custom_padding_tablet=\u00bb0px||||false|false\u00bb custom_padding_phone=\u00bb0px||||false|false\u00bb custom_css_main_element=\u00bbalign-items:center;\u00bb global_colors_info=\u00bb{}\u00bb][et_pb_column type=\u00bb1_2&#8243; _builder_version=\u00bb4.16&#8243; global_colors_info=\u00bb{}\u00bb][et_pb_text _builder_version=\u00bb4.27.4&#8243; header_2_font=\u00bb|600|||||||\u00bb header_2_font_size=\u00bb32px\u00bb header_2_line_height=\u00bb1.1em\u00bb header_5_font=\u00bb||||||||\u00bb header_5_font_size=\u00bb20px\u00bb background_enable_color=\u00bboff\u00bb custom_margin=\u00bb||2px|||\u00bb border_radii=\u00bbon|4px|4px|4px|4px\u00bb global_colors_info=\u00bb{}\u00bb quote_icon_color__hover_enabled=\u00bbon|desktop\u00bb]<\/p>\n<h3>Nuestros proyectos de ingenier\u00eda y dise\u00f1o de producto a medida<\/h3>\n<p>[\/et_pb_text][\/et_pb_column][et_pb_column type=\u00bb1_2&#8243; _builder_version=\u00bb4.16&#8243; global_colors_info=\u00bb{}\u00bb][et_pb_button button_url=\u00bb@ET-DC@eyJkeW5hbWljIjp0cnVlLCJjb250ZW50IjoicG9zdF9saW5rX3VybF9wYWdlIiwic2V0dGluZ3MiOnsicG9zdF9pZCI6IjQ5IiwiZW5hYmxlX2h0bWwiOiJvZmYifX0=@\u00bb button_text=\u00bbVer todos nuestros proyectos\u00bb button_alignment=\u00bbright\u00bb button_alignment_tablet=\u00bbright\u00bb button_alignment_phone=\u00bbleft\u00bb button_alignment_last_edited=\u00bbon|phone\u00bb _builder_version=\u00bb4.27.5&#8243; _dynamic_attributes=\u00bbbutton_url\u00bb _module_preset=\u00bbdefault\u00bb global_colors_info=\u00bb{}\u00bb][\/et_pb_button][\/et_pb_column][\/et_pb_row][et_pb_row module_class=\u00bbgrid-productes\u00bb _builder_version=\u00bb4.27.5&#8243; _module_preset=\u00bbdefault\u00bb width=\u00bb100%\u00bb max_width=\u00bb100%\u00bb custom_padding=\u00bb0px|0px|0px|0px|false|false\u00bb global_colors_info=\u00bb{}\u00bb][et_pb_column type=\u00bb4_4&#8243; _builder_version=\u00bb4.24.2&#8243; _module_preset=\u00bbdefault\u00bb global_colors_info=\u00bb{}\u00bb][et_pb_portfolio posts_number=\u00bb8&#8243; include_categories=\u00bb12,13,11&#8243; show_pagination=\u00bboff\u00bb zoom_icon_color=\u00bbRGBA(255,255,255,0)\u00bb hover_overlay_color=\u00bbRGBA(255,255,255,0)\u00bb _builder_version=\u00bb4.27.5&#8243; _module_preset=\u00bbdefault\u00bb title_font=\u00bb|600|||||||\u00bb title_text_color=\u00bb#f07f15&#8243; title_font_size=\u00bb16px\u00bb custom_margin=\u00bb||-35px||false|false\u00bb global_colors_info=\u00bb{}\u00bb][\/et_pb_portfolio][\/et_pb_column][\/et_pb_row][\/et_pb_section][et_pb_section fb_built=\u00bb1&#8243; _builder_version=\u00bb4.27.6&#8243; _module_preset=\u00bbdefault\u00bb global_colors_info=\u00bb{}\u00bb][et_pb_row column_structure=\u00bb1_2,1_2&#8243; make_equal=\u00bbon\u00bb _builder_version=\u00bb4.27.6&#8243; _module_preset=\u00bbdefault\u00bb custom_css_main_element=\u00bbalign-items:center;\u00bb global_colors_info=\u00bb{}\u00bb][et_pb_column type=\u00bb1_2&#8243; _builder_version=\u00bb4.27.4&#8243; _module_preset=\u00bbdefault\u00bb global_colors_info=\u00bb{}\u00bb][et_pb_text _builder_version=\u00bb4.27.6&#8243; _module_preset=\u00bb4a1e020d-233b-43c3-97ad-baf138beb270&#8243; custom_margin=\u00bb||30px||false|false\u00bb custom_padding=\u00bb||||false|false\u00bb locked=\u00bboff\u00bb global_colors_info=\u00bb{}\u00bb]<\/p>\n<h2><strong>Nuestros servicios<\/strong><\/h2>\n<h3>Nuestra metodolog\u00eda para el dise\u00f1o industrial y de productos de alto rendimiento<\/h3>\n<p>[\/et_pb_text][et_pb_blurb title=\u00bbDise\u00f1o y desarrollo de productos\u00bb image=\u00bbhttps:\/\/www.plumartis.com\/wp-content\/uploads\/2026\/01\/plumartis-product-design-color.svg\u00bb _builder_version=\u00bb4.27.6&#8243; _module_preset=\u00bb7bdb9eec-df29-4ade-b017-9f7fb41f102e\u00bb link_option_url=\u00bbhttps:\/\/www.plumartis.com\/es\/servicios-ingenieria-productos\/#product-development\u00bb custom_css_blurb_image=\u00bbbackground-color:rgba(245,131,0,0.25);\u00bb global_colors_info=\u00bb{}\u00bb]<\/p>\n<p>Innovaci\u00f3n e ingenier\u00eda para el desarrollo de producto.<\/p>\n<p>[\/et_pb_blurb][et_pb_blurb title=\u00bbSoluciones industriales\u00bb image=\u00bbhttps:\/\/www.plumartis.com\/wp-content\/uploads\/2026\/01\/plumartis-industrial-solutions-color.svg\u00bb _builder_version=\u00bb4.27.6&#8243; _module_preset=\u00bb7bdb9eec-df29-4ade-b017-9f7fb41f102e\u00bb link_option_url=\u00bbhttps:\/\/www.plumartis.com\/es\/servicios-ingenieria-productos\/#industrial\u00bb custom_css_blurb_image=\u00bbbackground-color:rgba(109,116,138,0.25);\u00bb global_colors_info=\u00bb{}\u00bb]<\/p>\n<p>Dise\u00f1o de equipamiento y mejoras de producci\u00f3n<\/p>\n<p>[\/et_pb_blurb][et_pb_blurb title=\u00bbSostenibilidad aplicada\u00bb image=\u00bbhttps:\/\/www.plumartis.com\/wp-content\/uploads\/2026\/01\/plumartis-applied-sustainability-color.svg\u00bb _builder_version=\u00bb4.27.6&#8243; _module_preset=\u00bb7bdb9eec-df29-4ade-b017-9f7fb41f102e\u00bb custom_padding=\u00bb||||false|false\u00bb link_option_url=\u00bbhttps:\/\/www.plumartis.com\/es\/servicios-ingenieria-productos\/#sustainability\u00bb custom_css_blurb_image=\u00bbbackground-color:rgba(132,58,58,0.25);\u00bb global_colors_info=\u00bb{}\u00bb]<\/p>\n<p>An\u00e1lisis de impacto de productos y procesos.<\/p>\n<p>[\/et_pb_blurb][et_pb_button button_url=\u00bb@ET-DC@eyJkeW5hbWljIjp0cnVlLCJjb250ZW50IjoicG9zdF9saW5rX3VybF9wYWdlIiwic2V0dGluZ3MiOnsicG9zdF9pZCI6IjI4NCIsImVuYWJsZV9odG1sIjoib2ZmIn19@\u00bb button_text=\u00bbM\u00e1s sobre nuestros servicios\u00bb _builder_version=\u00bb4.27.5&#8243; _dynamic_attributes=\u00bbbutton_url\u00bb _module_preset=\u00bbdefault\u00bb custom_margin=\u00bb45px||||false|false\u00bb custom_padding=\u00bb||||false|false\u00bb global_colors_info=\u00bb{}\u00bb][\/et_pb_button][\/et_pb_column][et_pb_column type=\u00bb1_2&#8243; _builder_version=\u00bb4.27.6&#8243; _module_preset=\u00bbdefault\u00bb global_colors_info=\u00bb{}\u00bb][dipi_info_circle circle_list_size=\u00bb450px\u00bb icon_area_offset=\u00bb0px\u00bb disabled_on=\u00bbon|on|off\u00bb _builder_version=\u00bb4.27.6&#8243; _module_preset=\u00bbdefault\u00bb image_icon_custom_padding=\u00bb20px|20px|20px|20px|false|false\u00bb custom_css_free_form=\u00bbselector .dipi-info-circle-out {||}||||selector .dipi-info-circle-out:after{||  content:%22%22; background:url(%22https:\/\/www.plumartis.com\/wp-content\/uploads\/2025\/12\/plumartis-cercle.svg%22);||  position:absolute;||  top:0;||  bottom:0;||  left:0;||  right:0;||}\u00bb global_colors_info=\u00bb{}\u00bb][dipi_info_circle_item info_image=\u00bbhttps:\/\/www.plumartis.com\/wp-content\/uploads\/2026\/01\/plumartis-product-design-light.svg\u00bb content_image=\u00bbhttps:\/\/www.plumartis.com\/wp-content\/uploads\/2026\/01\/plumartis-product-design-color.svg\u00bb content_title=\u00bbDesarrollo y dise\u00f1o de producto\u00bb content_description=\u00bb<\/p>\n<p>Innovaci\u00f3n e ingenier\u00eda para el desarrollo de producto.<\/p>\n<p>\u00bb show_content_button=\u00bbon\u00bb content_button_text=\u00bbDetalle de los servicios\u00bb content_button_link=\u00bbhttps:\/\/www.plumartis.com\/es\/servicios-ingenieria-productos\/#product-development\u00bb info_image_icon_background_color=\u00bb#F58300&#8243; info_image_icon_width=\u00bb30px\u00bb info_image_icon_margin=\u00bb6px||||false|false\u00bb info_image_icon_padding=\u00bb20px|20px|20px|20px|false|false\u00bb info_image_icon_hover_background_color=\u00bb#F58300&#8243; info_image_icon_active_background_color=\u00bb#F58300&#8243; info_image_icon_active_width=\u00bb50px\u00bb info_image_icon_active_margin=\u00bb10px||||false|false\u00bb info_image_icon_active_padding=\u00bb20px|20px|20px|20px|false|false\u00bb content_image_icon_width=\u00bb50px\u00bb _builder_version=\u00bb4.27.6&#8243; _module_preset=\u00bbdefault\u00bb content_title_level=\u00bbh4&#8243; content_title_font=\u00bb|||on|||||\u00bb background_color=\u00bbRGBA(12,113,195,0)\u00bb background_enable_color=\u00bbon\u00bb image_icon_custom_margin=\u00bb||30px||false|false\u00bb custom_padding=\u00bb30px|30px|30px|30px|false|false\u00bb global_colors_info=\u00bb{}\u00bb][\/dipi_info_circle_item][dipi_info_circle_item info_image=\u00bbhttps:\/\/www.plumartis.com\/wp-content\/uploads\/2026\/01\/plumartis-industrial-solutions-light.svg\u00bb content_image=\u00bbhttps:\/\/www.plumartis.com\/wp-content\/uploads\/2026\/01\/plumartis-industrial-solutions-color.svg\u00bb content_title=\u00bbSoluciones industriales\u00bb content_description=\u00bb<\/p>\n<p>Dise\u00f1o de equipamiento y mejoras de producci\u00f3n<\/p>\n<p>\u00bb show_content_button=\u00bbon\u00bb content_button_text=\u00bbDetalle de los servicios\u00bb content_button_link=\u00bbhttps:\/\/www.plumartis.com\/es\/servicios-ingenieria-productos\/#industrial\u00bb info_image_icon_background_color=\u00bb#6d748a\u00bb info_image_icon_width=\u00bb30px\u00bb info_image_icon_margin=\u00bb|||-10px|false|false\u00bb info_image_icon_padding=\u00bb20px|20px|20px|20px|false|false\u00bb info_image_icon_hover_background_color=\u00bb#6d748a\u00bb info_image_icon_active_background_color=\u00bb#6d748a\u00bb info_image_icon_active_width=\u00bb50px\u00bb info_image_icon_active_margin=\u00bb10px||||false|false\u00bb info_image_icon_active_padding=\u00bb20px|20px|20px|20px|false|false\u00bb content_image_icon_width=\u00bb50px\u00bb _builder_version=\u00bb4.27.6&#8243; _module_preset=\u00bbdefault\u00bb content_title_level=\u00bbh4&#8243; content_title_font=\u00bb|||on|||||\u00bb background_color=\u00bbRGBA(131,0,233,0)\u00bb background_enable_color=\u00bbon\u00bb image_icon_custom_margin=\u00bb||15px||false|false\u00bb custom_padding=\u00bb30px|30px|30px|30px|false|false\u00bb global_colors_info=\u00bb{}\u00bb][\/dipi_info_circle_item][dipi_info_circle_item info_image=\u00bbhttps:\/\/www.plumartis.com\/wp-content\/uploads\/2026\/01\/plumartis-applied-sustainability-light.svg\u00bb content_image=\u00bbhttps:\/\/www.plumartis.com\/wp-content\/uploads\/2026\/01\/plumartis-applied-sustainability-color.svg\u00bb content_title=\u00bbSostenibilidad aplicada\u00bb content_description=\u00bb<\/p>\n<p>An\u00e1lisis de impacto de productos y procesos.<\/p>\n<p>\u00bb show_content_button=\u00bbon\u00bb content_button_text=\u00bbDetalle de los servicios\u00bb content_button_link=\u00bbhttps:\/\/www.plumartis.com\/es\/servicios-ingenieria-productos\/#sustainability\u00bb info_image_icon_background_color=\u00bb#843a3a\u00bb info_image_icon_width=\u00bb30px\u00bb info_image_icon_margin=\u00bb|||10px|false|false\u00bb info_image_icon_padding=\u00bb20px|20px|20px|20px|false|false\u00bb info_image_icon_hover_background_color=\u00bb#843a3a\u00bb info_image_icon_active_background_color=\u00bb#843a3a\u00bb info_image_icon_active_width=\u00bb50px\u00bb info_image_icon_active_margin=\u00bb10px||||false|false\u00bb info_image_icon_active_padding=\u00bb20px|20px|20px|20px|false|false\u00bb content_image_icon_width=\u00bb50px\u00bb _builder_version=\u00bb4.27.6&#8243; _module_preset=\u00bbdefault\u00bb content_title_level=\u00bbh4&#8243; content_title_font=\u00bb|||on|||||\u00bb background_color=\u00bbRGBA(131,0,233,0)\u00bb background_enable_color=\u00bbon\u00bb image_icon_custom_margin=\u00bb||15px||false|false\u00bb custom_padding=\u00bb30px|30px|30px|30px|false|false\u00bb global_colors_info=\u00bb{}\u00bb][\/dipi_info_circle_item][\/dipi_info_circle][\/et_pb_column][\/et_pb_row][\/et_pb_section][et_pb_section fb_built=\u00bb1&#8243; _builder_version=\u00bb4.27.5&#8243; _module_preset=\u00bbdefault\u00bb background_image=\u00bbhttps:\/\/www.plumartis.com\/wp-content\/uploads\/2025\/10\/about-us-plumartis-office.jpg\u00bb parallax=\u00bbon\u00bb custom_padding=\u00bb15vh||15vh||true|false\u00bb global_colors_info=\u00bb{}\u00bb][et_pb_row _builder_version=\u00bb4.27.4&#8243; _module_preset=\u00bbdefault\u00bb global_colors_info=\u00bb{}\u00bb][et_pb_column type=\u00bb4_4&#8243; _builder_version=\u00bb4.27.4&#8243; _module_preset=\u00bbdefault\u00bb global_colors_info=\u00bb{}\u00bb][et_pb_cta title=\u00bbDescubra Plumartis\u00bb button_url=\u00bb@ET-DC@eyJkeW5hbWljIjp0cnVlLCJjb250ZW50IjoicG9zdF9saW5rX3VybF9wYWdlIiwic2V0dGluZ3MiOnsicG9zdF9pZCI6IjI5IiwiZW5hYmxlX2h0bWwiOiJvZmYifX0=@\u00bb button_text=\u00bbM\u00e1s informaci\u00f3n sobre nosotros\u00bb _builder_version=\u00bb4.27.5&#8243; _dynamic_attributes=\u00bbbutton_url\u00bb _module_preset=\u00bbdefault\u00bb header_font=\u00bb|300|||||||\u00bb header_font_size=\u00bb32px\u00bb background_color=\u00bbrgba(12,12,12,0.75)\u00bb background_enable_color=\u00bbon\u00bb background_layout=\u00bbdark\u00bb max_width=\u00bb900px\u00bb module_alignment=\u00bbcenter\u00bb custom_margin=\u00bb||||false|false\u00bb custom_padding=\u00bb60px|60px|60px|60px|true|true\u00bb global_colors_info=\u00bb{}\u00bb]<\/p>\n<p>Conozca a los profesionales que impulsan la visi\u00f3n, la innovaci\u00f3n y el \u00e9xito industrial de Plumartis.<\/p>\n<p>[\/et_pb_cta][\/et_pb_column][\/et_pb_row][\/et_pb_section][et_pb_section fb_built=\u00bb1&#8243; _builder_version=\u00bb4.24.2&#8243; global_colors_info=\u00bb{}\u00bb][et_pb_row _builder_version=\u00bb4.27.4&#8243; custom_padding=\u00bb||0px||false|false\u00bb global_colors_info=\u00bb{}\u00bb][et_pb_column type=\u00bb4_4&#8243; _builder_version=\u00bb4.24.2&#8243; global_colors_info=\u00bb{}\u00bb][et_pb_text _builder_version=\u00bb4.27.5&#8243; _module_preset=\u00bb4a1e020d-233b-43c3-97ad-baf138beb270&#8243; text_orientation=\u00bbcenter\u00bb locked=\u00bboff\u00bb global_colors_info=\u00bb{}\u00bb]<\/p>\n<h2><strong>Nuestro objetivo es hacer realidad tus ideas<\/strong><\/h2>\n<h3>Por qu\u00e9 elegir a Plumartis como su socio de ingenier\u00eda<\/h3>\n<p>[\/et_pb_text][\/et_pb_column][\/et_pb_row][et_pb_row column_structure=\u00bb1_4,1_4,1_4,1_4&#8243; _builder_version=\u00bb4.27.4&#8243; _module_preset=\u00bbdefault\u00bb global_colors_info=\u00bb{}\u00bb][et_pb_column type=\u00bb1_4&#8243; _builder_version=\u00bb4.16&#8243; _module_preset=\u00bbdefault\u00bb global_colors_info=\u00bb{}\u00bb][dipi_counter count_to_number=\u00bb15&#8243; _builder_version=\u00bb4.27.4&#8243; _module_preset=\u00bbdefault\u00bb global_colors_info=\u00bb{}\u00bb][\/dipi_counter][et_pb_text _builder_version=\u00bb4.27.4&#8243; _module_preset=\u00bbdefault\u00bb text_text_color=\u00bb#333333&#8243; header_4_font=\u00bb|600|||||||\u00bb header_4_text_color=\u00bb#333333&#8243; text_orientation=\u00bbcenter\u00bb background_layout=\u00bbdark\u00bb global_colors_info=\u00bb{}\u00bb]a\u00f1os de experiencia apoyando a la industria[\/et_pb_text][\/et_pb_column][et_pb_column type=\u00bb1_4&#8243; _builder_version=\u00bb4.16&#8243; _module_preset=\u00bbdefault\u00bb global_colors_info=\u00bb{}\u00bb][dipi_counter suffix=\u00bb+\u00bb count_to_number=\u00bb200&#8243; _builder_version=\u00bb4.27.4&#8243; _module_preset=\u00bbdefault\u00bb global_colors_info=\u00bb{}\u00bb][\/dipi_counter][et_pb_text _builder_version=\u00bb4.27.4&#8243; _module_preset=\u00bbdefault\u00bb text_text_color=\u00bb#333333&#8243; header_4_font=\u00bb|600|||||||\u00bb header_4_text_color=\u00bb#333333&#8243; text_orientation=\u00bbcenter\u00bb background_layout=\u00bbdark\u00bb global_colors_info=\u00bb{}\u00bb]clientes han confiado en nosotros[\/et_pb_text][\/et_pb_column][et_pb_column type=\u00bb1_4&#8243; _builder_version=\u00bb4.16&#8243; _module_preset=\u00bbdefault\u00bb global_colors_info=\u00bb{}\u00bb][dipi_counter suffix=\u00bb%\u00bb count_to_number=\u00bb78&#8243; _builder_version=\u00bb4.27.4&#8243; _module_preset=\u00bbdefault\u00bb global_colors_info=\u00bb{}\u00bb][\/dipi_counter][et_pb_text _builder_version=\u00bb4.27.4&#8243; _module_preset=\u00bbdefault\u00bb text_text_color=\u00bb#333333&#8243; header_4_font=\u00bb|600|||||||\u00bb header_4_text_color=\u00bb#333333&#8243; text_orientation=\u00bbcenter\u00bb background_layout=\u00bbdark\u00bb global_colors_info=\u00bb{}\u00bb]de los clientes han vuelto para nuevos proyectos[\/et_pb_text][\/et_pb_column][et_pb_column type=\u00bb1_4&#8243; _builder_version=\u00bb4.16&#8243; _module_preset=\u00bbdefault\u00bb global_colors_info=\u00bb{}\u00bb][dipi_counter suffix=\u00bb%\u00bb count_to_number=\u00bb80&#8243; _builder_version=\u00bb4.27.4&#8243; _module_preset=\u00bbdefault\u00bb global_colors_info=\u00bb{}\u00bb][\/dipi_counter][et_pb_text _builder_version=\u00bb4.27.4&#8243; _module_preset=\u00bbdefault\u00bb text_text_color=\u00bb#333333&#8243; header_4_font=\u00bb|600|||||||\u00bb header_4_text_color=\u00bb#333333&#8243; text_orientation=\u00bbcenter\u00bb background_layout=\u00bbdark\u00bb global_colors_info=\u00bb{}\u00bb]centrados en el desarrollo t\u00e9cnico[\/et_pb_text][\/et_pb_column][\/et_pb_row][\/et_pb_section][et_pb_section fb_built=\u00bb1&#8243; _builder_version=\u00bb4.27.5&#8243; _module_preset=\u00bbdefault\u00bb custom_padding=\u00bb0px||0px||false|false\u00bb global_colors_info=\u00bb{}\u00bb][et_pb_row _builder_version=\u00bb4.27.5&#8243; _module_preset=\u00bbdefault\u00bb width=\u00bb100%\u00bb max_width=\u00bb100%\u00bb custom_padding=\u00bb0px||0px||false|false\u00bb global_colors_info=\u00bb{}\u00bb][et_pb_column type=\u00bb4_4&#8243; _builder_version=\u00bb4.27.5&#8243; _module_preset=\u00bbdefault\u00bb global_colors_info=\u00bb{}\u00bb][gs_logo_slider _builder_version=\u00bb4.27.5&#8243; _module_preset=\u00bbdefault\u00bb global_colors_info=\u00bb{}\u00bb][\/gs_logo_slider][\/et_pb_column][\/et_pb_row][\/et_pb_section]<\/p>\n","protected":false},"excerpt":{"rendered":"<p>Plumartis, soluciones de productoPlumartis es un estudio de ingenier\u00eda de producto especializado en el desarrollo t\u00e9cnico y la industrializaci\u00f3n. Operamos en la intersecci\u00f3n crucial entre el dise\u00f1o y la fabricaci\u00f3n, garantizando que un producto no solo sea atractivo sobre el papel, sino tambi\u00e9n eficiente y competitivo de producir. Nuestros proyectos de ingenier\u00eda y dise\u00f1o de [&hellip;]<\/p>\n","protected":false},"author":9,"featured_media":0,"parent":0,"menu_order":0,"comment_status":"closed","ping_status":"closed","template":"","meta":{"_acf_changed":false,"_et_pb_use_builder":"on","_et_pb_old_content":"","_et_gb_content_width":"","ngg_post_thumbnail":0,"footnotes":""},"class_list":["post-1705","page","type-page","status-publish","hentry"],"acf":[],"_links":{"self":[{"href":"https:\/\/www.plumartis.com\/es\/wp-json\/wp\/v2\/pages\/1705","targetHints":{"allow":["GET"]}}],"collection":[{"href":"https:\/\/www.plumartis.com\/es\/wp-json\/wp\/v2\/pages"}],"about":[{"href":"https:\/\/www.plumartis.com\/es\/wp-json\/wp\/v2\/types\/page"}],"author":[{"embeddable":true,"href":"https:\/\/www.plumartis.com\/es\/wp-json\/wp\/v2\/users\/9"}],"replies":[{"embeddable":true,"href":"https:\/\/www.plumartis.com\/es\/wp-json\/wp\/v2\/comments?post=1705"}],"version-history":[{"count":48,"href":"https:\/\/www.plumartis.com\/es\/wp-json\/wp\/v2\/pages\/1705\/revisions"}],"predecessor-version":[{"id":7615,"href":"https:\/\/www.plumartis.com\/es\/wp-json\/wp\/v2\/pages\/1705\/revisions\/7615"}],"wp:attachment":[{"href":"https:\/\/www.plumartis.com\/es\/wp-json\/wp\/v2\/media?parent=1705"}],"curies":[{"name":"wp","href":"https:\/\/api.w.org\/{rel}","templated":true}]}}